{"id":9,"date":"2024-07-02T22:26:13","date_gmt":"2024-07-02T19:26:13","guid":{"rendered":"https:\/\/estucodeco.com.ar\/?page_id=9"},"modified":"2024-07-02T23:29:20","modified_gmt":"2024-07-02T20:29:20","slug":"inicio","status":"publish","type":"page","link":"https:\/\/estucodeco.com.ar\/","title":{"rendered":"Estuco de Marmorino"},"content":{"rendered":"\r\n<p>Es una mezcla al estilo de un revoque que contiene m\u00e1rmol molido.<\/p>\r\n<p>De muy alta resistencia y dureza. Su acabado es similar al stucco romano y se aplica de modo artesanal.<\/p>\r\n<p>El efecto logrado asemeja una pared descascarada y envejecida que d\u00e1 tanto para un estilo arquitect\u00f3nico moderno \u00f3 tem\u00e1tico.<\/p>\r\n<p>El estuco es de color blanco, pudiendose colorear con cualquiera de los 24 colores disponibles.<\/p>\r\n","protected":false},"excerpt":{"rendered":"<p>Es una mezcla al estilo de un revoque que contiene m\u00e1rmol molido. De muy alta resistencia y dureza. Su acabado es similar al stucco romano y se aplica de modo artesanal. El efecto logrado asemeja una pared descascarada y envejecida que d\u00e1 tanto para un estilo arquitect\u00f3nico moderno \u00f3 tem\u00e1tico. El estuco es de color &hellip; <\/p>\n<p class=\"link-more\"><a href=\"https:\/\/estucodeco.com.ar\/\" class=\"more-link\">Continuar leyendo<span class=\"screen-reader-text\"> \u00abEstuco de Marmorino\u00bb<\/span><\/a><\/p>\n","protected":false},"author":2,"featured_media":0,"parent":0,"menu_order":0,"comment_status":"closed","ping_status":"closed","template":"","meta":{"footnotes":""},"class_list":["post-9","page","type-page","status-publish","hentry"],"_links":{"self":[{"href":"https:\/\/estucodeco.com.ar\/index.php\/wp-json\/wp\/v2\/pages\/9","targetHints":{"allow":["GET"]}}],"collection":[{"href":"https:\/\/estucodeco.com.ar\/index.php\/wp-json\/wp\/v2\/pages"}],"about":[{"href":"https:\/\/estucodeco.com.ar\/index.php\/wp-json\/wp\/v2\/types\/page"}],"author":[{"embeddable":true,"href":"https:\/\/estucodeco.com.ar\/index.php\/wp-json\/wp\/v2\/users\/2"}],"replies":[{"embeddable":true,"href":"https:\/\/estucodeco.com.ar\/index.php\/wp-json\/wp\/v2\/comments?post=9"}],"version-history":[{"count":3,"href":"https:\/\/estucodeco.com.ar\/index.php\/wp-json\/wp\/v2\/pages\/9\/revisions"}],"predecessor-version":[{"id":38,"href":"https:\/\/estucodeco.com.ar\/index.php\/wp-json\/wp\/v2\/pages\/9\/revisions\/38"}],"wp:attachment":[{"href":"https:\/\/estucodeco.com.ar\/index.php\/wp-json\/wp\/v2\/media?parent=9"}],"curies":[{"name":"wp","href":"https:\/\/api.w.org\/{rel}","templated":true}]}}